{"id":7597,"date":"2024-01-31T16:37:40","date_gmt":"2024-01-31T15:37:40","guid":{"rendered":"https:\/\/www.convegnonazionaleaiic.it\/aiic-awards\/"},"modified":"2024-02-08T11:25:31","modified_gmt":"2024-02-08T10:25:31","slug":"aiic-awards","status":"publish","type":"page","link":"https:\/\/www.convegnonazionaleaiic.it\/aiic-awards\/","title":{"rendered":"AIIC Awards"},"content":{"rendered":"\t\t<div data-elementor-type=\"wp-post\" data-elementor-id=\"7597\" class=\"elementor elementor-7597\" data-elementor-post-type=\"page\">\n\t\t\t\t<div class=\"elementor-element elementor-element-58571c4d e-flex e-con-boxed e-con e-parent\" data-id=\"58571c4d\" data-element_type=\"container\" data-settings=\"{&quot;background_background&quot;:&quot;classic&quot;}\">\n\t\t\t\t\t<div class=\"e-con-inner\">\n\t\t<div class=\"elementor-element elementor-element-55cfcef6 e-con-full e-flex e-con e-child\" data-id=\"55cfcef6\" data-element_type=\"container\">\n\t\t\t\t<div class=\"elementor-element elementor-element-1b33b058 elementor-widget elementor-widget-heading\" data-id=\"1b33b058\" data-element_type=\"widget\" data-widget_type=\"heading.default\">\n\t\t\t\t<div class=\"elementor-widget-container\">\n\t\t\t<h6 class=\"elementor-heading-title elementor-size-default\">AIIC2024<\/h6>\t\t<\/div>\n\t\t\t\t<\/div>\n\t\t\t\t<div class=\"elementor-element elementor-element-1ff4b4cf elementor-widget elementor-widget-heading\" data-id=\"1ff4b4cf\" data-element_type=\"widget\" data-widget_type=\"heading.default\">\n\t\t\t\t<div class=\"elementor-widget-container\">\n\t\t\t<h1 class=\"elementor-heading-title elementor-size-default\">AIIC Awards<\/h1>\t\t<\/div>\n\t\t\t\t<\/div>\n\t\t\t\t<div class=\"elementor-element elementor-element-3327c598 elementor-widget-divider--view-line elementor-widget elementor-widget-divider\" data-id=\"3327c598\" data-element_type=\"widget\" data-widget_type=\"divider.default\">\n\t\t\t\t<div class=\"elementor-widget-container\">\n\t\t\t\t\t<div class=\"elementor-divider\">\n\t\t\t<span class=\"elementor-divider-separator\">\n\t\t\t\t\t\t<\/span>\n\t\t<\/div>\n\t\t\t\t<\/div>\n\t\t\t\t<\/div>\n\t\t\t\t<\/div>\n\t\t\t\t\t<\/div>\n\t\t\t\t<\/div>\n\t\t<div class=\"elementor-element elementor-element-659785c e-con-full e-flex e-con e-parent\" data-id=\"659785c\" data-element_type=\"container\">\n\t\t<div class=\"elementor-element elementor-element-2e39d1e2 e-con-full e-flex e-con e-child\" data-id=\"2e39d1e2\" data-element_type=\"container\">\n\t\t\t\t<div class=\"elementor-element elementor-element-1f7b852f elementor-widget elementor-widget-heading\" data-id=\"1f7b852f\" data-element_type=\"widget\" data-widget_type=\"heading.default\">\n\t\t\t\t<div class=\"elementor-widget-container\">\n\t\t\t<span class=\"elementor-heading-title elementor-size-default\">AWARD 2024<\/span>\t\t<\/div>\n\t\t\t\t<\/div>\n\t\t\t\t<\/div>\n\t\t\t\t<\/div>\n\t\t<div class=\"elementor-element elementor-element-7eec0e1f e-flex e-con-boxed e-con e-parent\" data-id=\"7eec0e1f\" data-element_type=\"container\">\n\t\t\t\t\t<div class=\"e-con-inner\">\n\t\t<div class=\"elementor-element elementor-element-619c395e e-con-full e-flex e-con e-child\" data-id=\"619c395e\" data-element_type=\"container\">\n\t\t<div class=\"elementor-element elementor-element-6b9e2cce e-flex e-con-boxed e-con e-child\" data-id=\"6b9e2cce\" data-element_type=\"container\">\n\t\t\t\t\t<div class=\"e-con-inner\">\n\t\t<div class=\"elementor-element elementor-element-e5a5fe3 e-con-full e-flex e-con e-child\" data-id=\"e5a5fe3\" data-element_type=\"container\">\n\t\t\t\t<div class=\"elementor-element elementor-element-376ea99e grasso animated-slow elementor-invisible elementor-widget elementor-widget-text-editor\" data-id=\"376ea99e\" data-element_type=\"widget\" data-settings=\"{&quot;_animation&quot;:&quot;slideInUp&quot;,&quot;_animation_delay&quot;:300}\" data-widget_type=\"text-editor.default\">\n\t\t\t\t<div class=\"elementor-widget-container\">\n\t\t\t\t\t\t\t<p><br class=\"Apple-interchange-newline\" \/><img decoding=\"async\" class=\"alignright\" src=\"https:\/\/www.convegnonazionaleaiic.it\/wp-content\/uploads\/2024\/01\/aiic-awards-2024-300x146.jpg\" alt=\"\" width=\"300\" height=\"146\" \/><\/p><p>Award \u00e8 un termine mutuato dalla lingua inglese che significa \u201cpremio\u201d. Ed \u00e8 proprio con gli AIIC-Awards che vogliamo \u201cpremiare\u201d le <strong>migliori idee<\/strong>, <strong>esperienze<\/strong>, <strong>ricerche<\/strong> ed i <strong>migliori progetti<\/strong> del mondo della <strong>tecnologia applicata alla salute ed alla sanit\u00e0<\/strong>.<\/p><p>AIIC-Award vuole dare spazio alla presentazione di <strong>esperienze e soluzioni innovative<\/strong> ai tanti piccoli e grandi problemi che ancora, troppo spesso, sembrano insormontabili, attraverso il coinvolgimento di tutti gli attori del sistema sanitario e l\u2019utilizzo delle tecnologie intese nella loro accezione pi\u00f9 ampia. Sono \u201ctecnologie\u201d, infatti, i dispositivi medici, le apparecchiature elettromedicali, i software, i percorsi ed i processi sanitari e tecnico\/logistici e, pi\u00f9 in generale, qualsiasi strumento che possa essere utile per <strong>migliorare tutto ci\u00f2 che \u00e8 healthcare<\/strong>.<\/p><p style=\"font-weight: 400;\">AIIC-Awards vuole essere <strong>un punto di incontro per promuovere l\u2019innovazione<\/strong> anche attraverso il confronto tra esperienze sul campo. Un modo per confrontarsi ed un luogo, fisico e virtuale, in cui andare a \u201ccuriosare\u201d alla ricerca idee, esperienze e partner.<\/p><p style=\"font-weight: 400;\">In occasione del XXIV Convegno Nazionale AIIC, che si terr\u00e0 a <strong>Roma dal 15 al 18 maggio 2024<\/strong>, la terza edizione dell\u2019AIIC-Awards rappresenta un vero motore di idee. Idee che saranno minuziosamente valutate attraverso un articolato e selettivo percorso.<\/p><p style=\"font-weight: 400;\"><strong>I passaggi selettivi sono ben 3<\/strong>. Ogni lavoro correttamente inerito sulla piattaforma Award 2024 sar\u00e0 sottoposto ad una prima valutazione da parte della Governance AIIC, solo i migliori saranno selezionati e potranno essere pubblicati nell\u2019apposita pagina del sito del XXIV convegno nazionale AIIC.<\/p><p style=\"font-weight: 400;\">Il<strong> secondo livello di valutazione<\/strong> \u00e8 affidato alle 11 \u201cgiurie specialistiche\u201d, una giuria per categoria. Spetta a loro selezionare i migliori 3 contributi di ciascuna categoria, agli autori dei quali sar\u00e0 data la possibilit\u00e0 di esporre oralmente il proprio lavoro durante una delle sessioni del convegno nazionale.<\/p><p style=\"font-weight: 400;\">Il<strong> terzo ed ultimo livello<\/strong>, sempre affidato alle giurie specialistiche, \u00e8 l\u2019individuazione del miglior contributo per ciascuna categoria per la nomina degli 11 vincitori dell\u2019AIIC AWARD 2024!<\/p><p style=\"font-weight: 400;\">Le premiazioni ufficiali, durante le quali saranno svelati i nomi dei vincitori, si terranno come tradizione, durante la cena sociale (<a href=\"https:\/\/www.convegnonazionaleaiic.it\/eventi-sociali\/\"><span style=\"text-decoration: underline;\"><strong>vedi programma<\/strong><\/span><\/a>).<\/p><p style=\"font-weight: 400;\">Oltre agli 11 vincitori di categoria sar\u00e0 infine individuato il vincitore assoluto secondo la giuria popolare ovvero secondo le preferenze che potranno essere espresse direttamente sulla piattaforma di voto del convegno nazionale, previa autenticazione.<\/p><p style=\"font-weight: 400;\"><strong>Non rimane quindi che iscriversi e partecipare! Vi aspettiamo a Roma!<\/strong><\/p>\t\t\t\t\t\t<\/div>\n\t\t\t\t<\/div>\n\t\t\t\t<\/div>\n\t\t\t\t\t<\/div>\n\t\t\t\t<\/div>\n\t\t\t\t<\/div>\n\t\t\t\t\t<\/div>\n\t\t\t\t<\/div>\n\t\t<div class=\"elementor-element elementor-element-d3aaae e-flex e-con-boxed e-con e-parent\" data-id=\"d3aaae\" data-element_type=\"container\">\n\t\t\t\t\t<div class=\"e-con-inner\">\n\t\t\t\t<div class=\"elementor-element elementor-element-1691c9b elementor-mobile-align-center elementor-widget elementor-widget-button\" data-id=\"1691c9b\" data-element_type=\"widget\" data-widget_type=\"button.default\">\n\t\t\t\t<div class=\"elementor-widget-container\">\n\t\t\t\t\t<div class=\"elementor-button-wrapper\">\n\t\t\t<a class=\"elementor-button elementor-button-link elementor-size-sm\" href=\"https:\/\/www.convegnonazionaleaiic.it\/come-partecipare-allaiic-awards\/\">\n\t\t\t\t\t\t<span class=\"elementor-button-content-wrapper\">\n\t\t\t\t\t\t<span class=\"elementor-button-icon\">\n\t\t\t\t<svg aria-hidden=\"true\" class=\"e-font-icon-svg e-fas-angle-right\" viewBox=\"0 0 256 512\" xmlns=\"http:\/\/www.w3.org\/2000\/svg\"><path d=\"M224.3 273l-136 136c-9.4 9.4-24.6 9.4-33.9 0l-22.6-22.6c-9.4-9.4-9.4-24.6 0-33.9l96.4-96.4-96.4-96.4c-9.4-9.4-9.4-24.6 0-33.9L54.3 103c9.4-9.4 24.6-9.4 33.9 0l136 136c9.5 9.4 9.5 24.6.1 34z\"><\/path><\/svg>\t\t\t<\/span>\n\t\t\t\t\t\t\t\t\t<span class=\"elementor-button-text\">Vai alla pagina istruzioni e scopri come partecipare <\/span>\n\t\t\t\t\t<\/span>\n\t\t\t\t\t<\/a>\n\t\t<\/div>\n\t\t\t\t<\/div>\n\t\t\t\t<\/div>\n\t\t\t\t\t<\/div>\n\t\t\t\t<\/div>\n\t\t\t\t<\/div>\n\t\t","protected":false},"excerpt":{"rendered":"<p>AIIC2024 AIIC Awards AWARD 2024 Award \u00e8 un termine mutuato dalla lingua inglese che significa \u201cpremio\u201d. Ed \u00e8 proprio con gli AIIC-Awards che vogliamo \u201cpremiare\u201d le migliori idee, esperienze, ricerche ed i migliori progetti del mondo della tecnologia applicata alla salute ed alla sanit\u00e0. AIIC-Award vuole dare spazio alla presentazione di esperienze e soluzioni innovative [&hellip;]<\/p>\n","protected":false},"author":6,"featured_media":0,"parent":0,"menu_order":0,"comment_status":"closed","ping_status":"closed","template":"","meta":{"site-sidebar-layout":"no-sidebar","site-content-layout":"page-builder","ast-site-content-layout":"","site-content-style":"default","site-sidebar-style":"default","ast-global-header-display":"","ast-banner-title-visibility":"","ast-main-header-display":"","ast-hfb-above-header-display":"","ast-hfb-below-header-display":"","ast-hfb-mobile-header-display":"","site-post-title":"disabled","ast-breadcrumbs-content":"","ast-featured-img":"disabled","footer-sml-layout":"","theme-transparent-header-meta":"enabled","adv-header-id-meta":"","stick-header-meta":"","header-above-stick-meta":"","header-main-stick-meta":"","header-below-stick-meta":"","astra-migrate-meta-layouts":"default","ast-page-background-enabled":"default","ast-page-background-meta":{"desktop":{"background-color":"","background-image":"","background-repeat":"repeat","background-position":"center center","background-size":"auto","background-attachment":"scroll","background-type":"","background-media":"","overlay-type":"","overlay-color":"","overlay-opacity":"","overlay-gradient":""},"tablet":{"background-color":"","background-image":"","background-repeat":"repeat","background-position":"center center","background-size":"auto","background-attachment":"scroll","background-type":"","background-media":"","overlay-type":"","overlay-color":"","overlay-opacity":"","overlay-gradient":""},"mobile":{"background-color":"","background-image":"","background-repeat":"repeat","background-position":"center center","background-size":"auto","background-attachment":"scroll","background-type":"","background-media":"","overlay-type":"","overlay-color":"","overlay-opacity":"","overlay-gradient":""}},"ast-content-background-meta":{"desktop":{"background-color":"var(--ast-global-color-5)","background-image":"","background-repeat":"repeat","background-position":"center center","background-size":"auto","background-attachment":"scroll","background-type":"","background-media":"","overlay-type":"","overlay-color":"","overlay-opacity":"","overlay-gradient":""},"tablet":{"background-color":"var(--ast-global-color-5)","background-image":"","background-repeat":"repeat","background-position":"center center","background-size":"auto","background-attachment":"scroll","background-type":"","background-media":"","overlay-type":"","overlay-color":"","overlay-opacity":"","overlay-gradient":""},"mobile":{"background-color":"var(--ast-global-color-5)","background-image":"","background-repeat":"repeat","background-position":"center center","background-size":"auto","background-attachment":"scroll","background-type":"","background-media":"","overlay-type":"","overlay-color":"","overlay-opacity":"","overlay-gradient":""}},"footnotes":""},"class_list":["post-7597","page","type-page","status-publish","hentry"],"_links":{"self":[{"href":"https:\/\/www.convegnonazionaleaiic.it\/wp-json\/wp\/v2\/pages\/7597"}],"collection":[{"href":"https:\/\/www.convegnonazionaleaiic.it\/wp-json\/wp\/v2\/pages"}],"about":[{"href":"https:\/\/www.convegnonazionaleaiic.it\/wp-json\/wp\/v2\/types\/page"}],"author":[{"embeddable":true,"href":"https:\/\/www.convegnonazionaleaiic.it\/wp-json\/wp\/v2\/users\/6"}],"replies":[{"embeddable":true,"href":"https:\/\/www.convegnonazionaleaiic.it\/wp-json\/wp\/v2\/comments?post=7597"}],"version-history":[{"count":175,"href":"https:\/\/www.convegnonazionaleaiic.it\/wp-json\/wp\/v2\/pages\/7597\/revisions"}],"predecessor-version":[{"id":10437,"href":"https:\/\/www.convegnonazionaleaiic.it\/wp-json\/wp\/v2\/pages\/7597\/revisions\/10437"}],"wp:attachment":[{"href":"https:\/\/www.convegnonazionaleaiic.it\/wp-json\/wp\/v2\/media?parent=7597"}],"curies":[{"name":"wp","href":"https:\/\/api.w.org\/{rel}","templated":true}]}}