{"id":2059,"date":"2018-04-16T13:38:47","date_gmt":"2018-04-16T11:38:47","guid":{"rendered":"http:\/\/www.convegnonazionaleaiic.it\/?page_id=2059"},"modified":"2023-03-27T13:20:59","modified_gmt":"2023-03-27T11:20:59","slug":"programma-sociale","status":"publish","type":"page","link":"https:\/\/www.convegnonazionaleaiic.it\/programma-sociale\/","title":{"rendered":"EVENTI SOCIALI"},"content":{"rendered":"<h4><span style=\"color: #000080;\"><strong>11 MAGGIO 2023 \u2013 ore 20:30<\/strong><\/span><\/h4>\n<h4><span style=\"color: #000080;\"><strong>CENA SOCIALE\u00a0<\/strong><\/span><\/h4>\n<p><strong>PALAZZO CORSINI<\/strong><b><br \/>\n<\/b>Lungarno Corsini, 10<br \/>\n50123 Firenze FI<br \/>\n<a href=\"http:\/\/www.palazzocorsini.it\" target=\"_blank\" rel=\"noopener\">http:\/\/www.palazzocorsini.it\/<\/a><\/p>\n<p><img decoding=\"async\" class=\"alignnone size-medium wp-image-6830\" src=\"https:\/\/www.convegnonazionaleaiic.it\/wp-content\/uploads\/2023\/03\/foto-palazzo-300x160.jpg\" alt=\"\" width=\"300\" height=\"160\" srcset=\"https:\/\/www.convegnonazionaleaiic.it\/wp-content\/uploads\/2023\/03\/foto-palazzo-300x160.jpg 300w, https:\/\/www.convegnonazionaleaiic.it\/wp-content\/uploads\/2023\/03\/foto-palazzo.jpg 308w\" sizes=\"(max-width: 300px) 100vw, 300px\" \/><\/p>\n<p>La cena sociale\u00a0 \u00a0non \u00e8 inclusa nella quota di iscrizione al convegno, potr\u00e0 essere acquistata separatamente, fino a esaurimento dei posti disponibili.<\/p>\n<p>Il costo \u00e8 di<strong>\u00a0\u20ac 60,50<\/strong>\u00a0(iva inclusa) a persona.<\/p>\n","protected":false},"excerpt":{"rendered":"<p>11 MAGGIO 2023 \u2013 ore 20:30 CENA SOCIALE\u00a0 PALAZZO CORSINI Lungarno Corsini, 10 50123 Firenze FI http:\/\/www.palazzocorsini.it\/ La cena sociale\u00a0 \u00a0non \u00e8 inclusa nella quota di iscrizione al convegno, potr\u00e0 essere acquistata separatamente, fino a esaurimento dei posti disponibili. Il costo \u00e8 di\u00a0\u20ac 60,50\u00a0(iva inclusa) a persona.<\/p>\n","protected":false},"author":2,"featured_media":6711,"parent":0,"menu_order":0,"comment_status":"closed","ping_status":"closed","template":"","meta":{"site-sidebar-layout":"default","site-content-layout":"","ast-site-content-layout":"","site-content-style":"default","site-sidebar-style":"default","ast-global-header-display":"","ast-banner-title-visibility":"","ast-main-header-display":"","ast-hfb-above-header-display":"","ast-hfb-below-header-display":"","ast-hfb-mobile-header-display":"","site-post-title":"","ast-breadcrumbs-content":"","ast-featured-img":"","footer-sml-layout":"","theme-transparent-header-meta":"","adv-header-id-meta":"","stick-header-meta":"","header-above-stick-meta":"","header-main-stick-meta":"","header-below-stick-meta":"","astra-migrate-meta-layouts":"default","ast-page-background-enabled":"default","ast-page-background-meta":{"desktop":{"background-color":"","background-image":"","background-repeat":"repeat","background-position":"center center","background-size":"auto","background-attachment":"scroll","background-type":"","background-media":"","overlay-type":"","overlay-color":"","overlay-opacity":"","overlay-gradient":""},"tablet":{"background-color":"","background-image":"","background-repeat":"repeat","background-position":"center center","background-size":"auto","background-attachment":"scroll","background-type":"","background-media":"","overlay-type":"","overlay-color":"","overlay-opacity":"","overlay-gradient":""},"mobile":{"background-color":"","background-image":"","background-repeat":"repeat","background-position":"center center","background-size":"auto","background-attachment":"scroll","background-type":"","background-media":"","overlay-type":"","overlay-color":"","overlay-opacity":"","overlay-gradient":""}},"ast-content-background-meta":{"desktop":{"background-color":"var(--ast-global-color-5)","background-image":"","background-repeat":"repeat","background-position":"center center","background-size":"auto","background-attachment":"scroll","background-type":"","background-media":"","overlay-type":"","overlay-color":"","overlay-opacity":"","overlay-gradient":""},"tablet":{"background-color":"var(--ast-global-color-5)","background-image":"","background-repeat":"repeat","background-position":"center center","background-size":"auto","background-attachment":"scroll","background-type":"","background-media":"","overlay-type":"","overlay-color":"","overlay-opacity":"","overlay-gradient":""},"mobile":{"background-color":"var(--ast-global-color-5)","background-image":"","background-repeat":"repeat","background-position":"center center","background-size":"auto","background-attachment":"scroll","background-type":"","background-media":"","overlay-type":"","overlay-color":"","overlay-opacity":"","overlay-gradient":""}},"footnotes":""},"class_list":["post-2059","page","type-page","status-publish","has-post-thumbnail","hentry"],"_links":{"self":[{"href":"https:\/\/www.convegnonazionaleaiic.it\/wp-json\/wp\/v2\/pages\/2059"}],"collection":[{"href":"https:\/\/www.convegnonazionaleaiic.it\/wp-json\/wp\/v2\/pages"}],"about":[{"href":"https:\/\/www.convegnonazionaleaiic.it\/wp-json\/wp\/v2\/types\/page"}],"author":[{"embeddable":true,"href":"https:\/\/www.convegnonazionaleaiic.it\/wp-json\/wp\/v2\/users\/2"}],"replies":[{"embeddable":true,"href":"https:\/\/www.convegnonazionaleaiic.it\/wp-json\/wp\/v2\/comments?post=2059"}],"version-history":[{"count":26,"href":"https:\/\/www.convegnonazionaleaiic.it\/wp-json\/wp\/v2\/pages\/2059\/revisions"}],"predecessor-version":[{"id":6834,"href":"https:\/\/www.convegnonazionaleaiic.it\/wp-json\/wp\/v2\/pages\/2059\/revisions\/6834"}],"wp:featuredmedia":[{"embeddable":true,"href":"https:\/\/www.convegnonazionaleaiic.it\/wp-json\/wp\/v2\/media\/6711"}],"wp:attachment":[{"href":"https:\/\/www.convegnonazionaleaiic.it\/wp-json\/wp\/v2\/media?parent=2059"}],"curies":[{"name":"wp","href":"https:\/\/api.w.org\/{rel}","templated":true}]}}