{"id":835,"date":"2018-03-01T17:06:14","date_gmt":"2018-03-01T16:06:14","guid":{"rendered":"http:\/\/www.convegnonazionaleaiic.it\/?page_id=835"},"modified":"2023-04-02T11:19:24","modified_gmt":"2023-04-02T09:19:24","slug":"come-partecipare","status":"publish","type":"page","link":"https:\/\/www.convegnonazionaleaiic.it\/come-partecipare\/","title":{"rendered":"COME PARTECIPARE ALL&#8217;AIIC AWARDS"},"content":{"rendered":"<p><span style=\"color: #000080; font-size: 14pt;\"><strong>La deadline per l&#8217;invio degli abstract \u00e8 scaduta il 30 marzo 2023.<\/strong><\/span><\/p>\n<hr \/>\n<p>&nbsp;<\/p>\n<p style=\"text-align: justify;\"><span style=\"color: #000080;\"><strong><span style=\"font-size: 14pt; font-family: Calibri, sans-serif;\">CHI PUO&#8217; PARTECIPARE<\/span><\/strong><\/span><\/p>\n<p>AIIC auspica la pi\u00f9 ampia partecipazione da parte di tutti i professionisti del settore sanitario. Aziende produttrici, Universit\u00e0, Centri di ricerca, soci AIIC e tutti gli operatori e professionisti sanitari afferenti alle diverse Societ\u00e0 Scientifiche devono essere il motore di AIIC AWARDS.<\/p>\n<p>Chiunque abbia maturato un\u2019esperienza in ambito healthcare e biomedico, sviluppato un progetto innovativo o di ricerca afferente ad una delle aree tematiche proposte, potr\u00e0 presentare la propria proposta, farla valutare da autorevoli professionisti del settore e concorrere agli AIIC AWARDS!<\/p>\n<p>Per partecipare all\u2019 AIIC-AWARDS \u00a0\u00e8 sufficiente preparare un abstract di massimo 2500 battute, un\u2019immagine evocativa che rappresenti il progetto ed una breve presentazione power point di 6 slide realizzata secondo lo schema\u00a0<a href=\"https:\/\/www.convegnonazionaleaiic.it\/wp-content\/uploads\/2023\/02\/AIIC-Awards-2023-Template-Slide.pptx\" target=\"_blank\" rel=\"noopener\"><strong>qui scaricabi<\/strong><\/a><strong>le&gt;&gt;.<\/strong><\/p>\n<p>Per proporre un lavoro \u00e8 necessario registrarsi nella\u00a0piattaforma dedicata e seguire poi le semplici istruzioni per l\u2019indicazione degli autori con le rispettive affiliazioni, l\u2019inserimento dell\u2019abstract, il caricamento dell\u2019immagine rappresentativa del progetto, della presentazione ed eventuale logo dell\u2019affiliazione dell\u2019autore principale.<\/p>\n<p>Per ogni lavoro presentato viene richiesta l\u2019indicazione di un\u2019area tematica di riferimento da scegliere tra le seguenti.<\/p>\n<p><span style=\"color: #0e0e8c; font-size: 14pt;\"><strong>Aree tematiche AIIC AWARDS<\/strong><\/span><\/p>\n<ol>\n<li><strong>\u00a0Reingegnerizzazione data driven di percorsi e processi<\/strong><\/li>\n<li><strong>\u00a0Innovazione (prodotti e servizi)<\/strong><\/li>\n<li><strong>\u00a0Sanit\u00e0 digitale e telemedicina<\/strong><\/li>\n<li><strong>\u00a0Gestione delle tecnologie biomediche: dati, modelli, risultati<\/strong><\/li>\n<li><strong>\u00a0Esperienze innovative di procurement<\/strong><\/li>\n<li><strong>\u00a0Applicazioni innovative di bioingegneria (premio miglior tesi di dottorato)<\/strong><\/li>\n<li><strong>\u00a0Esperienze di valutazione delle tecnologie<\/strong><\/li>\n<li><strong>\u00a0Applicazioni di intelligenza artificiale in sanit\u00e0<\/strong><\/li>\n<li><strong>\u00a0Interoperabilit\u00e0 dei dispositivi medici, cybersecurity &amp; privacy<\/strong><\/li>\n<li><strong>\u00a0Percorsi regolatori per dispositivi medici e ivd<\/strong><\/li>\n<\/ol>\n<p><span style=\"color: #0e0e8c; font-size: 14pt;\"><strong>Criteri di valutazione<\/strong><\/span><\/p>\n<ul>\n<li>Originalit\u00e0<\/li>\n<li>Implementazione (multidisciplinariet\u00e0 del lavoro)<\/li>\n<li>Risultati\/applicabilit\u00e0<\/li>\n<\/ul>\n<p><span style=\"color: #0e0e8c;\"><strong><em>FASE 1 <\/em><\/strong><strong><em>\u2013 Individuazione dei lavori finalisti <\/em><\/strong><\/span><\/p>\n<p>Un\u2019apposita Giuria Tecnica valuter\u00e0 ognuno dei lavori pervenuti per l\u2019ammissione alla fase finale dell\u2019AIIC AWARDS, con eventuale riassegnazione dell\u2019area tematica, laddove ritenuto necessario.<\/p>\n<p>Tutti i lavori ammessi saranno pubblicati sul sito del Convegno AIIC 2023 e resi visibili per circa un anno.<\/p>\n<p><span style=\"color: #0e0e8c;\"><strong><em>\u00a0FASE 2 <\/em><\/strong><strong><em>\u2013 Assegnazione premi di categoria e premio popolare<\/em><\/strong><\/span><\/p>\n<p>I lavori finalisti saranno quindi valutati da una\u00a0<strong>Giuria Specialistica\u00a0<\/strong>individuata per ciascuna area tematica e composta da autorevoli professionisti del settore, che selezioneranno i tre lavori migliori per ciascuna delle aree tematiche.<\/p>\n<p>Per ciascuna categoria sar\u00e0 infine decretato il vincitore: al lavoro primo classificato sar\u00e0 assegnato il premio \u201cAIIC AWARDS 2023\u201d.<\/p>\n<p>In aggiunta, dall\u2019avvenuta pubblicazione sul sito web, ogni lavoro potr\u00e0 essere altres\u00ec valutato dalla Giuria Popolare. La \u201cgiuria popolare\u201d siamo tutti noi, i nostri colleghi, amici e conoscenti\u2026<\/p>\n<p>Per votare uno o pi\u00f9 lavori tra quelli pubblicati online \u00e8 sufficiente esprimere la propria preferenza con un semplice click.<\/p>\n<p>Al lavoro che avr\u00e0 ottenuto il maggior punteggio dalla votazione popolare sar\u00e0 assegnato il premio popolare.<\/p>\n<p>La premiazione si terr\u00e0 nel corso della cena di gala del Convegno.<\/p>\n<p>Tutti i lavori che avranno superato la fase 1 potranno essere selezionati dal Comitato Scientifico per una presentazione orale all\u2019interno di una delle sessioni del Convegno, indipendentemente dalla valutazione delle giurie specialistiche.<\/p>\n","protected":false},"excerpt":{"rendered":"<p>La deadline per l&#8217;invio degli abstract \u00e8 scaduta il 30 marzo 2023. &nbsp; CHI PUO&#8217; PARTECIPARE AIIC auspica la pi\u00f9 ampia partecipazione da parte di tutti i professionisti del settore sanitario. Aziende produttrici, Universit\u00e0, Centri di ricerca, soci AIIC e tutti gli operatori e professionisti sanitari afferenti alle diverse Societ\u00e0 Scientifiche devono essere il motore &hellip; <\/p>\n<p><a class=\"more-link btn\" href=\"https:\/\/www.convegnonazionaleaiic.it\/come-partecipare\/\">Continue reading &raquo;<\/a><\/p>\n","protected":false},"author":2,"featured_media":6711,"parent":0,"menu_order":0,"comment_status":"closed","ping_status":"closed","template":"","meta":{"_monsterinsights_skip_tracking":false,"_monsterinsights_sitenote_active":false,"_monsterinsights_sitenote_note":"","_monsterinsights_sitenote_category":0},"categories":[],"yoast_head":"<!-- This site is optimized with the Yoast SEO plugin v21.8.1 - https:\/\/yoast.com\/wordpress\/plugins\/seo\/ -->\n<title>COME PARTECIPARE ALL&#039;AIIC AWARDS - Convegno Nazionale AIIC<\/title>\n<meta name=\"robots\" content=\"index, follow, max-snippet:-1, max-image-preview:large, max-video-preview:-1\" \/>\n<link rel=\"canonical\" href=\"https:\/\/www.convegnonazionaleaiic.it\/come-partecipare\/\" \/>\n<meta property=\"og:locale\" content=\"it_IT\" \/>\n<meta property=\"og:type\" content=\"article\" \/>\n<meta property=\"og:title\" content=\"COME PARTECIPARE ALL&#039;AIIC AWARDS - Convegno Nazionale AIIC\" \/>\n<meta property=\"og:description\" content=\"La deadline per l&#8217;invio degli abstract \u00e8 scaduta il 30 marzo 2023. &nbsp; CHI PUO&#8217; PARTECIPARE AIIC auspica la pi\u00f9 ampia partecipazione da parte di tutti i professionisti del settore sanitario. Aziende produttrici, Universit\u00e0, Centri di ricerca, soci AIIC e tutti gli operatori e professionisti sanitari afferenti alle diverse Societ\u00e0 Scientifiche devono essere il motore &hellip; Continue reading &raquo;\" \/>\n<meta property=\"og:url\" content=\"https:\/\/www.convegnonazionaleaiic.it\/come-partecipare\/\" \/>\n<meta property=\"og:site_name\" content=\"Convegno Nazionale AIIC\" \/>\n<meta property=\"article:modified_time\" content=\"2023-04-02T09:19:24+00:00\" \/>\n<meta property=\"og:image\" content=\"https:\/\/www.convegnonazionaleaiic.it\/wp-content\/uploads\/2023\/01\/SLIDER-CON-GRAFICA.jpg\" \/>\n\t<meta property=\"og:image:width\" content=\"2340\" \/>\n\t<meta property=\"og:image:height\" content=\"804\" \/>\n\t<meta property=\"og:image:type\" content=\"image\/jpeg\" \/>\n<meta name=\"twitter:card\" content=\"summary_large_image\" \/>\n<meta name=\"twitter:label1\" content=\"Tempo di lettura stimato\" \/>\n\t<meta name=\"twitter:data1\" content=\"3 minuti\" \/>\n<script type=\"application\/ld+json\" class=\"yoast-schema-graph\">{\"@context\":\"https:\/\/schema.org\",\"@graph\":[{\"@type\":\"WebPage\",\"@id\":\"https:\/\/www.convegnonazionaleaiic.it\/come-partecipare\/\",\"url\":\"https:\/\/www.convegnonazionaleaiic.it\/come-partecipare\/\",\"name\":\"COME PARTECIPARE ALL'AIIC AWARDS - Convegno Nazionale AIIC\",\"isPartOf\":{\"@id\":\"https:\/\/www.convegnonazionaleaiic.it\/#website\"},\"datePublished\":\"2018-03-01T16:06:14+00:00\",\"dateModified\":\"2023-04-02T09:19:24+00:00\",\"breadcrumb\":{\"@id\":\"https:\/\/www.convegnonazionaleaiic.it\/come-partecipare\/#breadcrumb\"},\"inLanguage\":\"it-IT\",\"potentialAction\":[{\"@type\":\"ReadAction\",\"target\":[\"https:\/\/www.convegnonazionaleaiic.it\/come-partecipare\/\"]}]},{\"@type\":\"BreadcrumbList\",\"@id\":\"https:\/\/www.convegnonazionaleaiic.it\/come-partecipare\/#breadcrumb\",\"itemListElement\":[{\"@type\":\"ListItem\",\"position\":1,\"name\":\"Home\",\"item\":\"https:\/\/www.convegnonazionaleaiic.it\/\"},{\"@type\":\"ListItem\",\"position\":2,\"name\":\"COME PARTECIPARE ALL&#8217;AIIC AWARDS\"}]},{\"@type\":\"WebSite\",\"@id\":\"https:\/\/www.convegnonazionaleaiic.it\/#website\",\"url\":\"https:\/\/www.convegnonazionaleaiic.it\/\",\"name\":\"Convegno Nazionale AIIC\",\"description\":\"AIIC 2023 - Convegno Nazionale Associazione Italiana Ingegneri Clinici\",\"potentialAction\":[{\"@type\":\"SearchAction\",\"target\":{\"@type\":\"EntryPoint\",\"urlTemplate\":\"https:\/\/www.convegnonazionaleaiic.it\/?s={search_term_string}\"},\"query-input\":\"required name=search_term_string\"}],\"inLanguage\":\"it-IT\"}]}<\/script>\n<!-- \/ Yoast SEO plugin. -->","yoast_head_json":{"title":"COME PARTECIPARE ALL'AIIC AWARDS - Convegno Nazionale AIIC","robots":{"index":"index","follow":"follow","max-snippet":"max-snippet:-1","max-image-preview":"max-image-preview:large","max-video-preview":"max-video-preview:-1"},"canonical":"https:\/\/www.convegnonazionaleaiic.it\/come-partecipare\/","og_locale":"it_IT","og_type":"article","og_title":"COME PARTECIPARE ALL'AIIC AWARDS - Convegno Nazionale AIIC","og_description":"La deadline per l&#8217;invio degli abstract \u00e8 scaduta il 30 marzo 2023. &nbsp; CHI PUO&#8217; PARTECIPARE AIIC auspica la pi\u00f9 ampia partecipazione da parte di tutti i professionisti del settore sanitario. Aziende produttrici, Universit\u00e0, Centri di ricerca, soci AIIC e tutti gli operatori e professionisti sanitari afferenti alle diverse Societ\u00e0 Scientifiche devono essere il motore &hellip; Continue reading &raquo;","og_url":"https:\/\/www.convegnonazionaleaiic.it\/come-partecipare\/","og_site_name":"Convegno Nazionale AIIC","article_modified_time":"2023-04-02T09:19:24+00:00","og_image":[{"width":2340,"height":804,"url":"https:\/\/www.convegnonazionaleaiic.it\/wp-content\/uploads\/2023\/01\/SLIDER-CON-GRAFICA.jpg","type":"image\/jpeg"}],"twitter_card":"summary_large_image","twitter_misc":{"Tempo di lettura stimato":"3 minuti"},"schema":{"@context":"https:\/\/schema.org","@graph":[{"@type":"WebPage","@id":"https:\/\/www.convegnonazionaleaiic.it\/come-partecipare\/","url":"https:\/\/www.convegnonazionaleaiic.it\/come-partecipare\/","name":"COME PARTECIPARE ALL'AIIC AWARDS - Convegno Nazionale AIIC","isPartOf":{"@id":"https:\/\/www.convegnonazionaleaiic.it\/#website"},"datePublished":"2018-03-01T16:06:14+00:00","dateModified":"2023-04-02T09:19:24+00:00","breadcrumb":{"@id":"https:\/\/www.convegnonazionaleaiic.it\/come-partecipare\/#breadcrumb"},"inLanguage":"it-IT","potentialAction":[{"@type":"ReadAction","target":["https:\/\/www.convegnonazionaleaiic.it\/come-partecipare\/"]}]},{"@type":"BreadcrumbList","@id":"https:\/\/www.convegnonazionaleaiic.it\/come-partecipare\/#breadcrumb","itemListElement":[{"@type":"ListItem","position":1,"name":"Home","item":"https:\/\/www.convegnonazionaleaiic.it\/"},{"@type":"ListItem","position":2,"name":"COME PARTECIPARE ALL&#8217;AIIC AWARDS"}]},{"@type":"WebSite","@id":"https:\/\/www.convegnonazionaleaiic.it\/#website","url":"https:\/\/www.convegnonazionaleaiic.it\/","name":"Convegno Nazionale AIIC","description":"AIIC 2023 - Convegno Nazionale Associazione Italiana Ingegneri Clinici","potentialAction":[{"@type":"SearchAction","target":{"@type":"EntryPoint","urlTemplate":"https:\/\/www.convegnonazionaleaiic.it\/?s={search_term_string}"},"query-input":"required name=search_term_string"}],"inLanguage":"it-IT"}]}},"_links":{"self":[{"href":"https:\/\/www.convegnonazionaleaiic.it\/wp-json\/wp\/v2\/pages\/835"}],"collection":[{"href":"https:\/\/www.convegnonazionaleaiic.it\/wp-json\/wp\/v2\/pages"}],"about":[{"href":"https:\/\/www.convegnonazionaleaiic.it\/wp-json\/wp\/v2\/types\/page"}],"author":[{"embeddable":true,"href":"https:\/\/www.convegnonazionaleaiic.it\/wp-json\/wp\/v2\/users\/2"}],"replies":[{"embeddable":true,"href":"https:\/\/www.convegnonazionaleaiic.it\/wp-json\/wp\/v2\/comments?post=835"}],"version-history":[{"count":97,"href":"https:\/\/www.convegnonazionaleaiic.it\/wp-json\/wp\/v2\/pages\/835\/revisions"}],"predecessor-version":[{"id":6840,"href":"https:\/\/www.convegnonazionaleaiic.it\/wp-json\/wp\/v2\/pages\/835\/revisions\/6840"}],"wp:featuredmedia":[{"embeddable":true,"href":"https:\/\/www.convegnonazionaleaiic.it\/wp-json\/wp\/v2\/media\/6711"}],"wp:attachment":[{"href":"https:\/\/www.convegnonazionaleaiic.it\/wp-json\/wp\/v2\/media?parent=835"}],"wp:term":[{"taxonomy":"category","embeddable":true,"href":"https:\/\/www.convegnonazionaleaiic.it\/wp-json\/wp\/v2\/categories?post=835"}],"curies":[{"name":"wp","href":"https:\/\/api.w.org\/{rel}","templated":true}]}}